{"id":74,"date":"2026-04-23T22:23:59","date_gmt":"2026-04-23T19:23:59","guid":{"rendered":"https:\/\/elfbar-tr.com\/?page_id=74"},"modified":"2026-04-24T02:28:41","modified_gmt":"2026-04-23T23:28:41","slug":"anasayfa","status":"publish","type":"page","link":"https:\/\/elfbar-tr.com\/","title":{"rendered":"Anasayfa"},"content":{"rendered":"\t\t<div data-elementor-type=\"wp-page\" data-elementor-id=\"74\" class=\"elementor elementor-74\">\n\t\t\t\t<div class=\"elementor-element elementor-element-74335b8 e-flex e-con-boxed e-con e-parent\" data-id=\"74335b8\" data-element_type=\"container\">\n\t\t\t\t\t<div class=\"e-con-inner\">\n\t\t\t\t<div class=\"elementor-element elementor-element-659c7dd elementor-widget elementor-widget-shortcode\" data-id=\"659c7dd\" data-element_type=\"widget\" data-widget_type=\"shortcode.default\">\n\t\t\t\t\t\t\t<div class=\"elementor-shortcode\"><\/div>\n\t\t\t\t\t\t<\/div>\n\t\t\t\t\t<\/div>\n\t\t\t\t<\/div>\n\t\t<div class=\"elementor-element elementor-element-7f79e89 e-flex e-con-boxed e-con e-parent\" data-id=\"7f79e89\" data-element_type=\"container\">\n\t\t\t\t\t<div class=\"e-con-inner\">\n\t\t\t\t<div class=\"elementor-element elementor-element-4968fcd elementor-widget elementor-widget-text-editor\" data-id=\"4968fcd\" data-element_type=\"widget\" data-widget_type=\"text-editor.default\">\n\t\t\t\t\t\t\t\t\t<h1><span style=\"color: #ff9900;\">\u00a0 \u00a0 \u00a0 \u00a0 \u00a0 \u00a0 \u00a0 \u00a0 \u00a0 \u00a0 \u00a0 \u00a0 \u00a0 \u00a0 \u00a0 \u00a0 \u00a0 \u00a0\u00c7OK SATAN TEREA \u00c7E\u015e\u0130TLER\u0130<\/span><\/h1>\t\t\t\t\t\t\t\t<\/div>\n\t\t\t\t\t<\/div>\n\t\t\t\t<\/div>\n\t\t<div class=\"elementor-element elementor-element-3af79d3 e-flex e-con-boxed e-con e-parent\" data-id=\"3af79d3\" data-element_type=\"container\">\n\t\t\t\t\t<div class=\"e-con-inner\">\n\t\t\t\t<div class=\"elementor-element elementor-element-15859db elementor-arrows-position-inside elementor-pagination-position-outside elementor-widget elementor-widget-image-carousel\" data-id=\"15859db\" data-element_type=\"widget\" data-settings=\"{&quot;slides_to_show&quot;:&quot;6&quot;,&quot;slides_to_show_mobile&quot;:&quot;3&quot;,&quot;navigation&quot;:&quot;both&quot;,&quot;autoplay&quot;:&quot;yes&quot;,&quot;pause_on_hover&quot;:&quot;yes&quot;,&quot;pause_on_interaction&quot;:&quot;yes&quot;,&quot;autoplay_speed&quot;:5000,&quot;infinite&quot;:&quot;yes&quot;,&quot;speed&quot;:500}\" data-widget_type=\"image-carousel.default\">\n\t\t\t\t\t\t\t<div class=\"elementor-image-carousel-wrapper swiper\" role=\"region\" aria-roledescription=\"carousel\" aria-label=\"Resim D\u00f6ng\u00fcs\u00fc\" dir=\"ltr\">\n\t\t\t<div class=\"elementor-image-carousel swiper-wrapper swiper-image-stretch\" aria-live=\"off\">\n\t\t\t\t\t\t\t\t<div class=\"swiper-slide\" role=\"group\" aria-roledescription=\"slide\" aria-label=\"1 \/ 6\"><figure class=\"swiper-slide-inner\"><img decoding=\"async\" class=\"swiper-slide-image\" src=\"https:\/\/elfbar-tr.com\/wp-content\/uploads\/2026\/04\/aabora-300x300.webp\" alt=\"Terea Arbor K\u0131br\u0131s\" \/><\/figure><\/div><div class=\"swiper-slide\" role=\"group\" aria-roledescription=\"slide\" aria-label=\"2 \/ 6\"><figure class=\"swiper-slide-inner\"><img decoding=\"async\" class=\"swiper-slide-image\" src=\"https:\/\/elfbar-tr.com\/wp-content\/uploads\/2026\/04\/iqos-terea-for-iluma-green_700x700-300x300.webp\" alt=\"Terea Green\" \/><\/figure><\/div><div class=\"swiper-slide\" role=\"group\" aria-roledescription=\"slide\" aria-label=\"3 \/ 6\"><figure class=\"swiper-slide-inner\"><img decoding=\"async\" class=\"swiper-slide-image\" src=\"https:\/\/elfbar-tr.com\/wp-content\/uploads\/2026\/04\/kona-300x300.webp\" alt=\"Terea kona k\u0131br\u0131s\" \/><\/figure><\/div><div class=\"swiper-slide\" role=\"group\" aria-roledescription=\"slide\" aria-label=\"4 \/ 6\"><figure class=\"swiper-slide-inner\"><img decoding=\"async\" class=\"swiper-slide-image\" src=\"https:\/\/elfbar-tr.com\/wp-content\/uploads\/2026\/04\/pproveeence-300x300.webp\" alt=\"Terea provence\" \/><\/figure><\/div><div class=\"swiper-slide\" role=\"group\" aria-roledescription=\"slide\" aria-label=\"5 \/ 6\"><figure class=\"swiper-slide-inner\"><img decoding=\"async\" class=\"swiper-slide-image\" src=\"https:\/\/elfbar-tr.com\/wp-content\/uploads\/2026\/04\/ssilver-300x300.webp\" alt=\"Terea Silver K\u0131br\u0131s\" \/><\/figure><\/div><div class=\"swiper-slide\" role=\"group\" aria-roledescription=\"slide\" aria-label=\"6 \/ 6\"><figure class=\"swiper-slide-inner\"><img decoding=\"async\" class=\"swiper-slide-image\" src=\"https:\/\/elfbar-tr.com\/wp-content\/uploads\/2026\/04\/tereatidal-300x300.webp\" alt=\"Terea Tidal K\u0131br\u0131s\" \/><\/figure><\/div>\t\t\t<\/div>\n\t\t\t\t\t\t\t\t\t\t\t\t<div class=\"elementor-swiper-button elementor-swiper-button-prev\" role=\"button\" tabindex=\"0\">\n\t\t\t\t\t\t<svg aria-hidden=\"true\" class=\"e-font-icon-svg e-eicon-chevron-left\" viewBox=\"0 0 1000 1000\" xmlns=\"http:\/\/www.w3.org\/2000\/svg\"><path d=\"M646 125C629 125 613 133 604 142L308 442C296 454 292 471 292 487 292 504 296 521 308 533L604 854C617 867 629 875 646 875 663 875 679 871 692 858 704 846 713 829 713 812 713 796 708 779 692 767L438 487 692 225C700 217 708 204 708 187 708 171 704 154 692 142 675 129 663 125 646 125Z\"><\/path><\/svg>\t\t\t\t\t<\/div>\n\t\t\t\t\t<div class=\"elementor-swiper-button elementor-swiper-button-next\" role=\"button\" tabindex=\"0\">\n\t\t\t\t\t\t<svg aria-hidden=\"true\" class=\"e-font-icon-svg e-eicon-chevron-right\" viewBox=\"0 0 1000 1000\" xmlns=\"http:\/\/www.w3.org\/2000\/svg\"><path d=\"M696 533C708 521 713 504 713 487 713 471 708 454 696 446L400 146C388 133 375 125 354 125 338 125 325 129 313 142 300 154 292 171 292 187 292 204 296 221 308 233L563 492 304 771C292 783 288 800 288 817 288 833 296 850 308 863 321 871 338 875 354 875 371 875 388 867 400 854L696 533Z\"><\/path><\/svg>\t\t\t\t\t<\/div>\n\t\t\t\t\n\t\t\t\t\t\t\t\t\t<div class=\"swiper-pagination\"><\/div>\n\t\t\t\t\t\t\t\t\t<\/div>\n\t\t\t\t\t\t<\/div>\n\t\t\t\t<div class=\"elementor-element elementor-element-aa21e79 elementor-widget elementor-widget-text-editor\" data-id=\"aa21e79\" data-element_type=\"widget\" data-widget_type=\"text-editor.default\">\n\t\t\t\t\t\t\t\t\t<h1><span style=\"color: #008000;\">\u00a0 \u00a0 \u00a0 \u00a0 \u00a0 \u00a0 \u00a0 \u00a0 \u00a0 \u00a0 \u00a0 \u00a0 \u00a0 \u00a0 \u00a0 \u00a0 \u00a0 \u00a0 \u00a0\u00c7OK SATAN IQOS \u00c7E\u015e\u0130TLER\u0130<\/span><\/h1>\t\t\t\t\t\t\t\t<\/div>\n\t\t\t\t<div class=\"elementor-element elementor-element-8512ec5 elementor-arrows-position-inside elementor-pagination-position-outside elementor-widget elementor-widget-image-carousel\" data-id=\"8512ec5\" data-element_type=\"widget\" data-settings=\"{&quot;slides_to_show&quot;:&quot;4&quot;,&quot;slides_to_show_mobile&quot;:&quot;3&quot;,&quot;navigation&quot;:&quot;both&quot;,&quot;autoplay&quot;:&quot;yes&quot;,&quot;pause_on_hover&quot;:&quot;yes&quot;,&quot;pause_on_interaction&quot;:&quot;yes&quot;,&quot;autoplay_speed&quot;:5000,&quot;infinite&quot;:&quot;yes&quot;,&quot;speed&quot;:500}\" data-widget_type=\"image-carousel.default\">\n\t\t\t\t\t\t\t<div class=\"elementor-image-carousel-wrapper swiper\" role=\"region\" aria-roledescription=\"carousel\" aria-label=\"Resim D\u00f6ng\u00fcs\u00fc\" dir=\"ltr\">\n\t\t\t<div class=\"elementor-image-carousel swiper-wrapper swiper-image-stretch\" aria-live=\"off\">\n\t\t\t\t\t\t\t\t<div class=\"swiper-slide\" role=\"group\" aria-roledescription=\"slide\" aria-label=\"1 \/ 4\"><figure class=\"swiper-slide-inner\"><img decoding=\"async\" class=\"swiper-slide-image\" src=\"https:\/\/elfbar-tr.com\/wp-content\/uploads\/2026\/04\/IONE-150x150.webp\" alt=\"IQOS Iluma One Renkleri - \u0130stanbul Beylikd\u00fcz\u00fc H\u0131zl\u0131 Teslimat\" \/><\/figure><\/div><div class=\"swiper-slide\" role=\"group\" aria-roledescription=\"slide\" aria-label=\"2 \/ 4\"><figure class=\"swiper-slide-inner\"><img decoding=\"async\" class=\"swiper-slide-image\" src=\"https:\/\/elfbar-tr.com\/wp-content\/uploads\/2026\/04\/IQOS_ILUMA_i_Prime_9e01218b-cba7-48c8-84f8-444e25028764-150x150.webp\" alt=\"IQOS Iluma Moss Green Cihaz ve Aksesuarlar\u0131\" \/><\/figure><\/div><div class=\"swiper-slide\" role=\"group\" aria-roledescription=\"slide\" aria-label=\"3 \/ 4\"><figure class=\"swiper-slide-inner\"><img decoding=\"async\" class=\"swiper-slide-image\" src=\"https:\/\/elfbar-tr.com\/wp-content\/uploads\/2026\/04\/IQOS-Iluma-i-2-150x150.webp\" alt=\"IQOS Iluma Prime ve Standart Seri Modelleri 2026 Stok\" \/><\/figure><\/div><div class=\"swiper-slide\" role=\"group\" aria-roledescription=\"slide\" aria-label=\"4 \/ 4\"><figure class=\"swiper-slide-inner\"><img decoding=\"async\" class=\"swiper-slide-image\" src=\"https:\/\/elfbar-tr.com\/wp-content\/uploads\/2026\/04\/Iqos-Iluma-One-i-Kit-join-club-1-150x150.webp\" alt=\"IQOS Iluma Kapak ve G\u00f6vde Aksesuar \u00c7e\u015fitleri\" \/><\/figure><\/div>\t\t\t<\/div>\n\t\t\t\t\t\t\t\t\t\t\t\t<div class=\"elementor-swiper-button elementor-swiper-button-prev\" role=\"button\" tabindex=\"0\">\n\t\t\t\t\t\t<svg aria-hidden=\"true\" class=\"e-font-icon-svg e-eicon-chevron-left\" viewBox=\"0 0 1000 1000\" xmlns=\"http:\/\/www.w3.org\/2000\/svg\"><path d=\"M646 125C629 125 613 133 604 142L308 442C296 454 292 471 292 487 292 504 296 521 308 533L604 854C617 867 629 875 646 875 663 875 679 871 692 858 704 846 713 829 713 812 713 796 708 779 692 767L438 487 692 225C700 217 708 204 708 187 708 171 704 154 692 142 675 129 663 125 646 125Z\"><\/path><\/svg>\t\t\t\t\t<\/div>\n\t\t\t\t\t<div class=\"elementor-swiper-button elementor-swiper-button-next\" role=\"button\" tabindex=\"0\">\n\t\t\t\t\t\t<svg aria-hidden=\"true\" class=\"e-font-icon-svg e-eicon-chevron-right\" viewBox=\"0 0 1000 1000\" xmlns=\"http:\/\/www.w3.org\/2000\/svg\"><path d=\"M696 533C708 521 713 504 713 487 713 471 708 454 696 446L400 146C388 133 375 125 354 125 338 125 325 129 313 142 300 154 292 171 292 187 292 204 296 221 308 233L563 492 304 771C292 783 288 800 288 817 288 833 296 850 308 863 321 871 338 875 354 875 371 875 388 867 400 854L696 533Z\"><\/path><\/svg>\t\t\t\t\t<\/div>\n\t\t\t\t\n\t\t\t\t\t\t\t\t\t<div class=\"swiper-pagination\"><\/div>\n\t\t\t\t\t\t\t\t\t<\/div>\n\t\t\t\t\t\t<\/div>\n\t\t\t\t\t<\/div>\n\t\t\t\t<\/div>\n\t\t<div class=\"elementor-element elementor-element-94a4139 e-flex e-con-boxed e-con e-parent\" data-id=\"94a4139\" data-element_type=\"container\">\n\t\t\t\t\t<div class=\"e-con-inner\">\n\t\t\t\t<div class=\"elementor-element elementor-element-ae4d781 elementor-drop-cap-yes elementor-drop-cap-view-default elementor-widget elementor-widget-text-editor\" data-id=\"ae4d781\" data-element_type=\"widget\" data-settings=\"{&quot;drop_cap&quot;:&quot;yes&quot;}\" data-widget_type=\"text-editor.default\">\n\t\t\t\t\t\t\t\t\t<h2 style=\"text-align: center;\" data-path-to-node=\"3\"><span style=\"color: #800080;\"><b data-path-to-node=\"3\" data-index-in-node=\"0\">&#8220;IQOS Terea Vozol \u0130stanbul genelinde en h\u0131zl\u0131 teslimat ve en geni\u015f \u00fcr\u00fcn se\u00e7ene\u011fiyle kap\u0131n\u0131za geliyor.<br \/>\u0130stanbul\u2019un Lider IQOS, Terea ve Vozol Sat\u0131\u015f Noktas\u0131<\/b><\/span><\/h2><p style=\"text-align: center;\" data-path-to-node=\"4\"><span style=\"color: #800080;\"><b data-path-to-node=\"4\" data-index-in-node=\"0\">IQOS Cihazlar\u0131 Beylikd\u00fcz\u00fc<\/b> ve \u00e7evre il\u00e7elerde art\u0131k kap\u0131n\u0131za geliyor! Sitemiz \u00fczerinden verdi\u011finiz t\u00fcm sipari\u015flerde <b data-path-to-node=\"4\" data-index-in-node=\"115\">\u0130stanbul i\u00e7i kap\u0131da kurye<\/b> imkan\u0131yla, \u00fcr\u00fcnlerinize ayn\u0131 g\u00fcn i\u00e7inde sahip olabilirsiniz. Sadece cihaz de\u011fil, <b data-path-to-node=\"4\" data-index-in-node=\"222\">Terea \u0130stanbul<\/b> stoklar\u0131m\u0131zla en taze ve geni\u015f aroma se\u00e7eneklerini, <b data-path-to-node=\"4\" data-index-in-node=\"289\">Beylikd\u00fcz\u00fc<\/b> ba\u015fta olmak \u00fczere t\u00fcm \u015fehre jet h\u0131z\u0131yla ula\u015ft\u0131r\u0131yoruz.<\/span><\/p><p style=\"text-align: center;\" data-path-to-node=\"5\"><span style=\"color: #800080;\">Ayr\u0131ca, puff d\u00fcnyas\u0131n\u0131n vazge\u00e7ilmezi <b data-path-to-node=\"5\" data-index-in-node=\"37\">Vozol<\/b> \u00e7e\u015fitleri de \u015fimdi stoklar\u0131m\u0131zda! En yeni Vozol 12000, 20000 ve Star serisi modelleriyle \u0130stanbul\u2019un her noktas\u0131na h\u0131zl\u0131 teslimat sa\u011fl\u0131yoruz. <b data-path-to-node=\"5\" data-index-in-node=\"185\">T\u00fcm illere kargo<\/b> se\u00e7ene\u011fimizle, T\u00fcrkiye\u2019nin neresinde olursan\u0131z olun orijinal \u00fcr\u00fcn garantisi ve g\u00fcvenli paketleme ile hizmetinizdeyiz.<\/span><\/p><h2 style=\"text-align: center;\" data-path-to-node=\"6\"><span style=\"color: #800080;\"><b data-path-to-node=\"6\" data-index-in-node=\"0\">Neden Bizimle \u00c7al\u0131\u015fmal\u0131s\u0131n\u0131z?<\/b><\/span><\/h2><ul data-path-to-node=\"7\"><li style=\"text-align: center;\"><p data-path-to-node=\"7,0,0\"><span style=\"color: #800080;\"><b data-path-to-node=\"7,0,0\" data-index-in-node=\"0\">H\u0131zl\u0131 Kurye:<\/b> \u0130stanbul i\u00e7i (\u00d6zellikle Beylikd\u00fcz\u00fc ve \u00e7evresi) ayn\u0131 g\u00fcn kap\u0131da teslimat.<\/span><\/p><\/li><li style=\"text-align: center;\"><p data-path-to-node=\"7,1,0\"><span style=\"color: #800080;\"><b data-path-to-node=\"7,1,0\" data-index-in-node=\"0\">Geni\u015f \u00dcr\u00fcn Yelpazesi:<\/b> IQOS Iluma serisi, her damak tad\u0131na uygun Terea \u00e7e\u015fitleri ve en pop\u00fcler Vozol modelleri.<\/span><\/p><\/li><li style=\"text-align: center;\"><p data-path-to-node=\"7,2,0\"><span style=\"color: #800080;\"><b data-path-to-node=\"7,2,0\" data-index-in-node=\"0\">T\u00fcm T\u00fcrkiye\u2019ye G\u00f6nderim:<\/b> 81 ile h\u0131zl\u0131 ve g\u00fcvenli kargo hizmeti.<\/span><\/p><\/li><li><p style=\"text-align: center;\" data-path-to-node=\"7,3,0\"><span style=\"color: #800080;\"><b data-path-to-node=\"7,3,0\" data-index-in-node=\"0\">Ki\u015fiye \u00d6zel Hizmet:<\/b> \u0130stanbul i\u00e7i kap\u0131da \u00f6deme kolayl\u0131\u011f\u0131 ve orijinal \u00fcr\u00fcn deste\u011fi<\/span>.<\/p><\/li><\/ul>\t\t\t\t\t\t\t\t<\/div>\n\t\t\t\t\t<\/div>\n\t\t\t\t<\/div>\n\t\t<div class=\"elementor-element elementor-element-7e14427 e-flex e-con-boxed e-con e-parent\" data-id=\"7e14427\" data-element_type=\"container\">\n\t\t\t\t\t<div class=\"e-con-inner\">\n\t\t\t\t\t<\/div>\n\t\t\t\t<\/div>\n\t\t\t\t<\/div>\n\t\t","protected":false},"excerpt":{"rendered":"<p>\u00a0 \u00a0 \u00a0 \u00a0 \u00a0 \u00a0 \u00a0 \u00a0 \u00a0 \u00a0 \u00a0 \u00a0 \u00a0 \u00a0 \u00a0 \u00a0 \u00a0 \u00a0\u00c7OK SATAN TEREA \u00c7E\u015e\u0130TLER\u0130 \u00a0 \u00a0 \u00a0 \u00a0 \u00a0 \u00a0 \u00a0 \u00a0 \u00a0 \u00a0 \u00a0 \u00a0 \u00a0 \u00a0 \u00a0 \u00a0 \u00a0 \u00a0 \u00a0\u00c7OK SATAN IQOS \u00c7E\u015e\u0130TLER\u0130 &#8220;IQOS Terea Vozol \u0130stanbul genelinde en h\u0131zl\u0131 teslimat ve en geni\u015f \u00fcr\u00fcn&#8230;<\/p>\n","protected":false},"author":1,"featured_media":0,"parent":0,"menu_order":0,"comment_status":"closed","ping_status":"closed","template":"elementor_header_footer","meta":{"_kad_post_transparent":"","_kad_post_title":"","_kad_post_layout":"","_kad_post_sidebar_id":"","_kad_post_content_style":"","_kad_post_vertical_padding":"","_kad_post_feature":"","_kad_post_feature_position":"","_kad_post_header":false,"_kad_post_footer":false,"_kad_post_classname":"","footnotes":""},"class_list":["post-74","page","type-page","status-publish","hentry"],"_links":{"self":[{"href":"https:\/\/elfbar-tr.com\/index.php?rest_route=\/wp\/v2\/pages\/74","targetHints":{"allow":["GET"]}}],"collection":[{"href":"https:\/\/elfbar-tr.com\/index.php?rest_route=\/wp\/v2\/pages"}],"about":[{"href":"https:\/\/elfbar-tr.com\/index.php?rest_route=\/wp\/v2\/types\/page"}],"author":[{"embeddable":true,"href":"https:\/\/elfbar-tr.com\/index.php?rest_route=\/wp\/v2\/users\/1"}],"replies":[{"embeddable":true,"href":"https:\/\/elfbar-tr.com\/index.php?rest_route=%2Fwp%2Fv2%2Fcomments&post=74"}],"version-history":[{"count":7,"href":"https:\/\/elfbar-tr.com\/index.php?rest_route=\/wp\/v2\/pages\/74\/revisions"}],"predecessor-version":[{"id":114,"href":"https:\/\/elfbar-tr.com\/index.php?rest_route=\/wp\/v2\/pages\/74\/revisions\/114"}],"wp:attachment":[{"href":"https:\/\/elfbar-tr.com\/index.php?rest_route=%2Fwp%2Fv2%2Fmedia&parent=74"}],"curies":[{"name":"wp","href":"https:\/\/api.w.org\/{rel}","templated":true}]}}