{"id":199,"date":"2026-05-10T20:15:32","date_gmt":"2026-05-10T17:15:32","guid":{"rendered":"https:\/\/elfbar-tr.com\/?post_type=product&#038;p=199"},"modified":"2026-05-10T20:15:32","modified_gmt":"2026-05-10T17:15:32","slug":"iqos-iluma-i-one-2025-lacivert-fiyat-ve-ozellikleri","status":"publish","type":"product","link":"https:\/\/elfbar-tr.com\/?product=iqos-iluma-i-one-2025-lacivert-fiyat-ve-ozellikleri","title":{"rendered":"IQOS ILUMA i ONE 2025 Lacivert"},"content":{"rendered":"<h4 data-path-to-node=\"6\"><b data-path-to-node=\"6\" data-index-in-node=\"0\">IQOS ILUMA i ONE 2025 Lacivert: Teknolojinin Asaletle Bulu\u015fmas\u0131<\/b><\/h4>\n<p data-path-to-node=\"7\">Is\u0131t\u0131lm\u0131\u015f t\u00fct\u00fcn d\u00fcnyas\u0131nda bir devrim niteli\u011fi ta\u015f\u0131yan <b data-path-to-node=\"7\" data-index-in-node=\"55\">IQOS ILUMA i ONE 2025 Lacivert<\/b>, kullan\u0131c\u0131 deneyimini tamamen dijitalle\u015ftiren \u00f6zellikleriyle sahneye \u00e7\u0131k\u0131yor. 2025 serisinin en a\u011f\u0131rba\u015fl\u0131 ve asil rengi olan bu gece mavisi (lacivert) model, sadece bir tasar\u0131m harikas\u0131 de\u011fil, ayn\u0131 zamanda performans\u0131n zirvesidir. SMARTCORE INDUCTION SYSTEM\u2122 teknolojisini korurken \u00fczerine eklenen ak\u0131ll\u0131 \u00f6zelliklerle, ILUMA i serisi modern t\u00fct\u00fcn kullan\u0131m\u0131n\u0131 yeniden tan\u0131ml\u0131yor.<\/p>\n<h4 data-path-to-node=\"8\"><b data-path-to-node=\"8\" data-index-in-node=\"0\">1. 2025 Serisinin Yenilik\u00e7i \u00d6zellikleri<\/b><\/h4>\n<p data-path-to-node=\"9\"><b data-path-to-node=\"9\" data-index-in-node=\"0\">IQOS ILUMA i ONE 2025 Lacivert<\/b> modelini \u00f6nceki nesillerden ay\u0131ran en b\u00fcy\u00fck fark, g\u00f6vde \u00fczerine entegre edilen dokunmatik ekranl\u0131 aray\u00fczd\u00fcr. Bu ekran sayesinde kullan\u0131c\u0131lar i\u00e7im s\u00fcresini, kalan nefes say\u0131s\u0131n\u0131 ve pil durumunu anl\u0131k olarak takip edebilirler. Ayr\u0131ca 2025 modelleriyle gelen &#8220;Pause Mode&#8221; (Duraklatma Modu), i\u00e7im esnas\u0131nda k\u0131sa s\u00fcreli ara vermenize olanak tan\u0131yarak t\u00fct\u00fcn \u00e7ubu\u011funun israf edilmesini \u00f6nler. Bu \u00f6zellik, \u00f6zellikle Beylikd\u00fcz\u00fc ve \u0130stanbul trafi\u011fi gibi hareketli anlarda veya k\u0131sa molalarda b\u00fcy\u00fck bir esneklik sa\u011flar.<\/p>\n<h4 data-path-to-node=\"10\"><b data-path-to-node=\"10\" data-index-in-node=\"0\">Tasar\u0131m: Prestijin Rengi Lacivert<\/b><\/h4>\n<p data-path-to-node=\"11\">Lacivert rengin profesyonel ve ciddi duru\u015fu, ILUMA i ONE serisinin kompakt ve hepsi bir arada (all-in-one) tasar\u0131m\u0131yla m\u00fckemmel bir uyum i\u00e7indedir. Mat ve p\u00fcr\u00fczs\u00fcz kaplamas\u0131 sayesinde elde kaymayan, premium bir tutu\u015f hissi sunar. <b data-path-to-node=\"11\" data-index-in-node=\"230\">IQOS ILUMA i ONE 2025 Lacivert<\/b>, cebinize s\u0131\u011facak kadar ince olmas\u0131na ra\u011fmen, tek bir \u015farjla 20 ard\u0131\u015f\u0131k kullan\u0131ma kadar performans sunabilen g\u00fc\u00e7l\u00fc bir bataryaya sahiptir. Hem kurumsal stilini tamamlamak isteyenler hem de g\u00fcnl\u00fck kullan\u0131mda \u015f\u0131kl\u0131k arayanlar i\u00e7in bu model vazge\u00e7ilmezdir.<\/p>\n<h4 data-path-to-node=\"12\"><b data-path-to-node=\"12\" data-index-in-node=\"0\">Smartcore Induction Is\u0131tma Teknolojisi<\/b><\/h4>\n<p data-path-to-node=\"13\">Yeni nesil b\u0131\u00e7aks\u0131z \u0131s\u0131tma sisteminin kalbi olan SMARTCORE teknolojisi, bu cihazda da kusursuz \u00e7al\u0131\u015f\u0131r. Terea \u00e7ubuklar\u0131n\u0131n i\u00e7indeki metal \u0131s\u0131t\u0131c\u0131y\u0131 ind\u00fcksiyon yoluyla \u0131s\u0131tan <b data-path-to-node=\"13\" data-index-in-node=\"174\">IQOS ILUMA i ONE 2025 Lacivert<\/b>, t\u00fct\u00fcn\u00fc yakmadan en ideal s\u0131cakl\u0131\u011fa ula\u015ft\u0131r\u0131r. B\u0131\u00e7ak bulunmad\u0131\u011f\u0131 i\u00e7in cihaz\u0131n k\u0131r\u0131lma riski yoktur ve en \u00f6nemlisi temizlik gerektirmez. K\u00fcl ve a\u011f\u0131r duman kokusu olmadan, sadece t\u00fct\u00fcn\u00fcn en saf aromas\u0131n\u0131 ve nikotin doygunlu\u011funu al\u0131rs\u0131n\u0131z. Bu teknoloji, cihaz\u0131n \u00f6mr\u00fcn\u00fc uzat\u0131rken kullan\u0131c\u0131ya her seferinde ayn\u0131 y\u00fcksek performans\u0131 sunar.<\/p>\n<h4 data-path-to-node=\"14\"><b data-path-to-node=\"14\" data-index-in-node=\"0\">Kullan\u0131c\u0131 Deneyimi ve Esneklik<\/b><\/h4>\n<p data-path-to-node=\"15\">ILUMA i ONE 2025, \u00f6zellikle pratiklik arayan kullan\u0131c\u0131lar i\u00e7in tasarlanm\u0131\u015ft\u0131r. Ayr\u0131 bir \u015farj kutusuna ihtiya\u00e7 duymadan, do\u011frudan g\u00f6vde \u00fczerinden kullan\u0131m imkan\u0131 sa\u011flar. Dokunmatik panel \u00fczerinden sa\u011flanan geri bildirimler, cihazla olan etkile\u015fiminizi \u00e7ok daha sezgisel hale getirir. E\u011fer daha canl\u0131 bir renk se\u00e7ene\u011fi ar\u0131yorsan\u0131z <a class=\"ng-star-inserted\" href=\"https:\/\/www.google.com\/search?q=\/urun\/iqos-iluma-i-one-2025-kirmizi\/\" target=\"_blank\" rel=\"noopener\" data-hveid=\"0\" data-ved=\"0CAAQ_4QMahgKEwitmIuT-66UAxUAAAAAHQAAAAAQ2QY\">IQOS ILUMA i ONE 2025 K\u0131rm\u0131z\u0131<\/a> modelimize g\u00f6z atabilir; ancak &#8220;sadelik ve asalet benim tarz\u0131m&#8221; diyorsan\u0131z Lacivert ILUMA i ONE tam size g\u00f6redir.<\/p>\n<h4 data-path-to-node=\"16\"><b data-path-to-node=\"16\" data-index-in-node=\"0\">Orijinal \u00dcr\u00fcn ve G\u00fcvenli Tedarik S\u00fcreci<\/b><\/h4>\n<p data-path-to-node=\"17\">2025 serisi gibi y\u00fcksek teknolojili cihazlarda orijinallik hayati \u00f6nem ta\u015f\u0131r. Sahte veya revize edilmi\u015f cihazlar, ak\u0131ll\u0131 \u00f6zelliklerin (dokunmatik ekran vb.) tam performansla \u00e7al\u0131\u015fmamas\u0131na neden olabilir. <b data-path-to-node=\"17\" data-index-in-node=\"204\"><a class=\"ng-star-inserted\" href=\"https:\/\/iqostereatr.com.tr\/\" target=\"_blank\" rel=\"noopener\" data-hveid=\"0\" data-ved=\"0CAAQ_4QMahgKEwitmIuT-66UAxUAAAAAHQAAAAAQ2gY\">IQOS Terea T\u00fcrkiye<\/a><\/b> platformu olarak, en g\u00fcncel ve %100 orijinal kapal\u0131 kutu \u00fcr\u00fcnleri do\u011frudan sizlere ula\u015ft\u0131r\u0131yoruz. \u0130stanbul i\u00e7i motorlu kurye avantaj\u0131m\u0131zla Beylikd\u00fcz\u00fc ve \u00e7evre il\u00e7elere ayn\u0131 g\u00fcn kap\u0131da teslimat sa\u011fl\u0131yor, \u00fcr\u00fcn\u00fcn orijinalli\u011fini ve Smartcore sistemine tam uyumunu garanti alt\u0131na al\u0131yoruz.<\/p>\n<h4 data-path-to-node=\"18\"><b data-path-to-node=\"18\" data-index-in-node=\"0\">Sonu\u00e7: Neden ILUMA i ONE 2025 Lacivert?<\/b><\/h4>\n<p data-path-to-node=\"19\">\u00d6zetle <b data-path-to-node=\"19\" data-index-in-node=\"7\">IQOS ILUMA i ONE 2025 Lacivert<\/b>, t\u00fct\u00fcn keyfini dijital \u00e7a\u011fa ta\u015f\u0131yan prestijli bir cihazd\u0131r. Duraklatma \u00f6zelli\u011fi, dokunmatik ekran\u0131 ve derin lacivert tasar\u0131m\u0131yla s\u0131n\u0131f\u0131n\u0131n en iyisidir. K\u0131br\u0131s serisi Terea \u00fcr\u00fcnleriyle m\u00fckemmel bir uyum i\u00e7inde \u00e7al\u0131\u015fan bu cihaz, hem sa\u011flad\u0131\u011f\u0131 hijyen hem de sundu\u011fu modern kullan\u0131m \u00f6zellikleri ile t\u00fct\u00fcn al\u0131\u015fkanl\u0131klar\u0131n\u0131z\u0131 bir \u00fcst seviyeye ta\u015f\u0131yacakt\u0131r. Siz de teknolojiyi asil bir duru\u015fla birle\u015ftirmek istiyorsan\u0131z, bu yeni nesil modeli hemen sipari\u015f verebilirsiniz.<\/p>\n","protected":false},"excerpt":{"rendered":"<p>IQOS ILUMA i ONE 2025 Lacivert: Teknolojinin Asaletle Bulu\u015fmas\u0131 Is\u0131t\u0131lm\u0131\u015f t\u00fct\u00fcn d\u00fcnyas\u0131nda bir devrim niteli\u011fi ta\u015f\u0131yan IQOS ILUMA i ONE 2025 Lacivert, kullan\u0131c\u0131 deneyimini tamamen dijitalle\u015ftiren \u00f6zellikleriyle sahneye \u00e7\u0131k\u0131yor. 2025 serisinin en a\u011f\u0131rba\u015fl\u0131 ve asil rengi olan bu gece mavisi (lacivert) model, sadece bir tasar\u0131m harikas\u0131 de\u011fil, ayn\u0131 zamanda performans\u0131n zirvesidir. SMARTCORE INDUCTION SYSTEM\u2122 teknolojisini&#8230;<\/p>\n","protected":false},"featured_media":200,"comment_status":"open","ping_status":"closed","template":"","meta":{"_kad_post_transparent":"default","_kad_post_title":"","_kad_post_layout":"default","_kad_post_sidebar_id":"","_kad_post_content_style":"default","_kad_post_vertical_padding":"default","_kad_post_feature":"","_kad_post_feature_position":"","_kad_post_header":false,"_kad_post_footer":false,"_kad_post_classname":""},"product_brand":[],"product_cat":[130],"product_tag":[138,136,131,134,137],"class_list":{"0":"post-199","1":"product","2":"type-product","3":"status-publish","4":"has-post-thumbnail","6":"product_cat-iqos-cihaz-cesitleri","7":"product_tag-beylikduzu-iqos-teslimat","8":"product_tag-iqos-iluma-i-lacivert","9":"product_tag-iqos-iluma-i-one-2025","10":"product_tag-iqos-iluma-i-one-fiyat","11":"product_tag-iqos-iluma-i-one-mavi","13":"first","14":"instock","15":"sale","16":"shipping-taxable","17":"purchasable","18":"product-type-simple","19":"entry","20":"content-bg","21":"loop-entry"},"_links":{"self":[{"href":"https:\/\/elfbar-tr.com\/index.php?rest_route=\/wp\/v2\/product\/199","targetHints":{"allow":["GET"]}}],"collection":[{"href":"https:\/\/elfbar-tr.com\/index.php?rest_route=\/wp\/v2\/product"}],"about":[{"href":"https:\/\/elfbar-tr.com\/index.php?rest_route=\/wp\/v2\/types\/product"}],"replies":[{"embeddable":true,"href":"https:\/\/elfbar-tr.com\/index.php?rest_route=%2Fwp%2Fv2%2Fcomments&post=199"}],"wp:featuredmedia":[{"embeddable":true,"href":"https:\/\/elfbar-tr.com\/index.php?rest_route=\/wp\/v2\/media\/200"}],"wp:attachment":[{"href":"https:\/\/elfbar-tr.com\/index.php?rest_route=%2Fwp%2Fv2%2Fmedia&parent=199"}],"wp:term":[{"taxonomy":"product_brand","embeddable":true,"href":"https:\/\/elfbar-tr.com\/index.php?rest_route=%2Fwp%2Fv2%2Fproduct_brand&post=199"},{"taxonomy":"product_cat","embeddable":true,"href":"https:\/\/elfbar-tr.com\/index.php?rest_route=%2Fwp%2Fv2%2Fproduct_cat&post=199"},{"taxonomy":"product_tag","embeddable":true,"href":"https:\/\/elfbar-tr.com\/index.php?rest_route=%2Fwp%2Fv2%2Fproduct_tag&post=199"}],"curies":[{"name":"wp","href":"https:\/\/api.w.org\/{rel}","templated":true}]}}